{"id":5734,"date":"2025-03-04T09:41:49","date_gmt":"2025-03-04T08:41:49","guid":{"rendered":"https:\/\/galaxia.steam.eus\/?page_id=5734"},"modified":"2026-03-03T13:14:50","modified_gmt":"2026-03-03T12:14:50","slug":"acerca-de","status":"publish","type":"page","link":"https:\/\/galaxia.steam.eus\/es\/acerca-de\/","title":{"rendered":"Acerca de"},"content":{"rendered":"\t\t<div data-elementor-type=\"wp-page\" data-elementor-id=\"5734\" class=\"elementor elementor-5734\" data-elementor-settings=\"{&quot;scroll_snap&quot;:&quot;yes&quot;}\" data-elementor-post-type=\"page\">\n\t\t\t\t<div class=\"elementor-element elementor-element-4dd9e3f e-flex e-con-boxed e-con e-parent\" data-id=\"4dd9e3f\" data-element_type=\"container\" data-e-type=\"container\">\n\t\t\t\t\t<div class=\"e-con-inner\">\n\t\t\t\t<div class=\"elementor-element elementor-element-652adf2 elementor-widget__width-inherit elementor-widget elementor-widget-heading\" data-id=\"652adf2\" data-element_type=\"widget\" data-e-type=\"widget\" data-widget_type=\"heading.default\">\n\t\t\t\t<div class=\"elementor-widget-container\">\n\t\t\t\t\t<h2 class=\"elementor-heading-title elementor-size-default\">Acerca del proyecto<\/h2>\t\t\t\t<\/div>\n\t\t\t\t<\/div>\n\t\t\t\t<div class=\"elementor-element elementor-element-26436b1 elementor-widget elementor-widget-text-editor\" data-id=\"26436b1\" data-element_type=\"widget\" data-e-type=\"widget\" data-widget_type=\"text-editor.default\">\n\t\t\t\t<div class=\"elementor-widget-container\">\n\t\t\t\t\t\t\t\t\t<p><span style=\"font-weight: 400;\">Galaxia es una plataforma digital dise\u00f1ada dentro de un programa de orientaci\u00f3n profesional dirigido a j\u00f3venes de entre 14 y 17 a\u00f1os, con especial atenci\u00f3n a las \u00e1reas STEM (Ciencia, Tecnolog\u00eda, Ingenier\u00eda y Matem\u00e1tica). La estructura de la plataforma se fundamenta en la referencia UNESCO ISCED-F 2013 (International Standard Classification of Education \u2013 Fields of Education and Training), la cual establece directrices para definir la \u00a0clasificaci\u00f3n de distintas disciplinas profesionales. El objetivo principal es facilitar la transici\u00f3n hacia la vida adulta, la participaci\u00f3n activa en el entorno y la preparaci\u00f3n para el futuro de la juventud. A trav\u00e9s de la plataforma se ofrece la posibilidad de explorar distintos \u00e1mbitos profesionales, conocer las salidas laborales de cada disciplina y acceder a recursos y contenidos dise\u00f1ados para favorecer una toma de decisiones informada.<\/span><\/p>\t\t\t\t\t\t\t\t<\/div>\n\t\t\t\t<\/div>\n\t\t\t\t\t<\/div>\n\t\t\t\t<\/div>\n\t\t<div class=\"elementor-element elementor-element-d1c1641 e-con-full e-flex e-con e-parent\" data-id=\"d1c1641\" data-element_type=\"container\" data-e-type=\"container\" data-settings=\"{&quot;background_background&quot;:&quot;classic&quot;,&quot;animation&quot;:&quot;none&quot;}\">\n\t\t\t\t<div class=\"elementor-element elementor-element-8d9cae3 elementor-widget__width-inherit elementor-widget elementor-widget-text-editor\" data-id=\"8d9cae3\" data-element_type=\"widget\" data-e-type=\"widget\" data-widget_type=\"text-editor.default\">\n\t\t\t\t<div class=\"elementor-widget-container\">\n\t\t\t\t\t\t\t\t\t<p>Entidades participantes:<\/p>\t\t\t\t\t\t\t\t<\/div>\n\t\t\t\t<\/div>\n\t\t<div class=\"elementor-element elementor-element-ad8e3ab e-flex e-con-boxed e-con e-child\" data-id=\"ad8e3ab\" data-element_type=\"container\" data-e-type=\"container\">\n\t\t\t\t\t<div class=\"e-con-inner\">\n\t\t\t\t<div class=\"elementor-element elementor-element-0e4b0af elementor-widget elementor-widget-image\" data-id=\"0e4b0af\" data-element_type=\"widget\" data-e-type=\"widget\" data-widget_type=\"image.default\">\n\t\t\t\t<div class=\"elementor-widget-container\">\n\t\t\t\t\t\t\t\t\t\t\t\t\t\t\t<img fetchpriority=\"high\" decoding=\"async\" width=\"329\" height=\"245\" src=\"https:\/\/galaxia.steam.eus\/wp-content\/uploads\/2025\/03\/BT-1.png\" class=\"attachment-large size-large wp-image-5938\" alt=\"\" srcset=\"https:\/\/galaxia.steam.eus\/wp-content\/uploads\/2025\/03\/BT-1.png 329w, https:\/\/galaxia.steam.eus\/wp-content\/uploads\/2025\/03\/BT-1-300x223.png 300w\" sizes=\"(max-width: 329px) 100vw, 329px\" \/>\t\t\t\t\t\t\t\t\t\t\t\t\t\t\t<\/div>\n\t\t\t\t<\/div>\n\t\t\t\t<div class=\"elementor-element elementor-element-6249018 elementor-widget elementor-widget-image\" data-id=\"6249018\" data-element_type=\"widget\" data-e-type=\"widget\" data-widget_type=\"image.default\">\n\t\t\t\t<div class=\"elementor-widget-container\">\n\t\t\t\t\t\t\t\t\t\t\t\t\t\t\t<img decoding=\"async\" width=\"492\" height=\"245\" src=\"https:\/\/galaxia.steam.eus\/wp-content\/uploads\/2025\/03\/INNO.png\" class=\"attachment-full size-full wp-image-5940\" alt=\"\" srcset=\"https:\/\/galaxia.steam.eus\/wp-content\/uploads\/2025\/03\/INNO.png 492w, https:\/\/galaxia.steam.eus\/wp-content\/uploads\/2025\/03\/INNO-300x149.png 300w\" sizes=\"(max-width: 492px) 100vw, 492px\" \/>\t\t\t\t\t\t\t\t\t\t\t\t\t\t\t<\/div>\n\t\t\t\t<\/div>\n\t\t\t\t<div class=\"elementor-element elementor-element-ba137ba elementor-widget elementor-widget-image\" data-id=\"ba137ba\" data-element_type=\"widget\" data-e-type=\"widget\" data-widget_type=\"image.default\">\n\t\t\t\t<div class=\"elementor-widget-container\">\n\t\t\t\t\t\t\t\t\t\t\t\t\t\t\t<img decoding=\"async\" width=\"404\" height=\"245\" src=\"https:\/\/galaxia.steam.eus\/wp-content\/uploads\/2025\/03\/DEUS.png\" class=\"attachment-large size-large wp-image-5942\" alt=\"\" srcset=\"https:\/\/galaxia.steam.eus\/wp-content\/uploads\/2025\/03\/DEUS.png 404w, https:\/\/galaxia.steam.eus\/wp-content\/uploads\/2025\/03\/DEUS-300x182.png 300w\" sizes=\"(max-width: 404px) 100vw, 404px\" \/>\t\t\t\t\t\t\t\t\t\t\t\t\t\t\t<\/div>\n\t\t\t\t<\/div>\n\t\t\t\t<div class=\"elementor-element elementor-element-91d0549 elementor-widget elementor-widget-image\" data-id=\"91d0549\" data-element_type=\"widget\" data-e-type=\"widget\" data-widget_type=\"image.default\">\n\t\t\t\t<div class=\"elementor-widget-container\">\n\t\t\t\t\t\t\t\t\t\t\t\t\t\t\t<img loading=\"lazy\" decoding=\"async\" width=\"708\" height=\"245\" src=\"https:\/\/galaxia.steam.eus\/wp-content\/uploads\/2025\/03\/MONDRA.png\" class=\"attachment-large size-large wp-image-5944\" alt=\"\" srcset=\"https:\/\/galaxia.steam.eus\/wp-content\/uploads\/2025\/03\/MONDRA.png 708w, https:\/\/galaxia.steam.eus\/wp-content\/uploads\/2025\/03\/MONDRA-300x104.png 300w\" sizes=\"(max-width: 708px) 100vw, 708px\" \/>\t\t\t\t\t\t\t\t\t\t\t\t\t\t\t<\/div>\n\t\t\t\t<\/div>\n\t\t\t\t<div class=\"elementor-element elementor-element-7916caa elementor-widget elementor-widget-image\" data-id=\"7916caa\" data-element_type=\"widget\" data-e-type=\"widget\" data-widget_type=\"image.default\">\n\t\t\t\t<div class=\"elementor-widget-container\">\n\t\t\t\t\t\t\t\t\t\t\t\t\t\t\t<img loading=\"lazy\" decoding=\"async\" width=\"361\" height=\"245\" src=\"https:\/\/galaxia.steam.eus\/wp-content\/uploads\/2025\/03\/IKAS.png\" class=\"attachment-large size-large wp-image-5946\" alt=\"\" srcset=\"https:\/\/galaxia.steam.eus\/wp-content\/uploads\/2025\/03\/IKAS.png 361w, https:\/\/galaxia.steam.eus\/wp-content\/uploads\/2025\/03\/IKAS-300x204.png 300w\" sizes=\"(max-width: 361px) 100vw, 361px\" \/>\t\t\t\t\t\t\t\t\t\t\t\t\t\t\t<\/div>\n\t\t\t\t<\/div>\n\t\t\t\t<div class=\"elementor-element elementor-element-66cf131 elementor-widget elementor-widget-image\" data-id=\"66cf131\" data-element_type=\"widget\" data-e-type=\"widget\" data-widget_type=\"image.default\">\n\t\t\t\t<div class=\"elementor-widget-container\">\n\t\t\t\t\t\t\t\t\t\t\t\t\t\t\t<img loading=\"lazy\" decoding=\"async\" width=\"405\" height=\"245\" src=\"https:\/\/galaxia.steam.eus\/wp-content\/uploads\/2025\/03\/HETEL.png\" class=\"attachment-large size-large wp-image-5948\" alt=\"\" srcset=\"https:\/\/galaxia.steam.eus\/wp-content\/uploads\/2025\/03\/HETEL.png 405w, https:\/\/galaxia.steam.eus\/wp-content\/uploads\/2025\/03\/HETEL-300x181.png 300w\" sizes=\"(max-width: 405px) 100vw, 405px\" \/>\t\t\t\t\t\t\t\t\t\t\t\t\t\t\t<\/div>\n\t\t\t\t<\/div>\n\t\t\t\t<div class=\"elementor-element elementor-element-1002ee1 elementor-widget elementor-widget-image\" data-id=\"1002ee1\" data-element_type=\"widget\" data-e-type=\"widget\" data-widget_type=\"image.default\">\n\t\t\t\t<div class=\"elementor-widget-container\">\n\t\t\t\t\t\t\t\t\t\t\t\t\t\t\t<img loading=\"lazy\" decoding=\"async\" width=\"405\" height=\"319\" src=\"https:\/\/galaxia.steam.eus\/wp-content\/uploads\/2025\/03\/EUSKO.png\" class=\"attachment-large size-large wp-image-5950\" alt=\"\" srcset=\"https:\/\/galaxia.steam.eus\/wp-content\/uploads\/2025\/03\/EUSKO.png 405w, https:\/\/galaxia.steam.eus\/wp-content\/uploads\/2025\/03\/EUSKO-300x236.png 300w\" sizes=\"(max-width: 405px) 100vw, 405px\" \/>\t\t\t\t\t\t\t\t\t\t\t\t\t\t\t<\/div>\n\t\t\t\t<\/div>\n\t\t\t\t\t<\/div>\n\t\t\t\t<\/div>\n\t\t\t\t<\/div>\n\t\t\t\t<\/div>\n\t\t","protected":false},"excerpt":{"rendered":"<p>Acerca del proyecto Galaxia es una plataforma digital dise\u00f1ada dentro de un programa de orientaci\u00f3n profesional dirigido a j\u00f3venes de entre 14 y 17 a\u00f1os, con especial atenci\u00f3n a las \u00e1reas STEM (Ciencia, Tecnolog\u00eda, Ingenier\u00eda y Matem\u00e1tica). La estructura de la plataforma se fundamenta en la referencia UNESCO ISCED-F 2013 (International Standard Classification of Education [&hellip;]<\/p>\n","protected":false},"author":3,"featured_media":0,"parent":0,"menu_order":0,"comment_status":"closed","ping_status":"closed","template":"elementor_theme","meta":{"footnotes":""},"class_list":["post-5734","page","type-page","status-publish","hentry"],"yoast_head":"<!-- This site is optimized with the Yoast SEO plugin v27.4 - https:\/\/yoast.com\/product\/yoast-seo-wordpress\/ -->\n<title>Acerca de - ztim<\/title>\n<meta name=\"robots\" content=\"noindex, follow, max-snippet:-1, max-image-preview:large, max-video-preview:-1\" \/>\n<meta property=\"og:locale\" content=\"es_ES\" \/>\n<meta property=\"og:type\" content=\"article\" \/>\n<meta property=\"og:title\" content=\"Acerca de - ztim\" \/>\n<meta property=\"og:description\" content=\"Acerca del proyecto Galaxia es una plataforma digital dise\u00f1ada dentro de un programa de orientaci\u00f3n profesional dirigido a j\u00f3venes de entre 14 y 17 a\u00f1os, con especial atenci\u00f3n a las \u00e1reas STEM (Ciencia, Tecnolog\u00eda, Ingenier\u00eda y Matem\u00e1tica). La estructura de la plataforma se fundamenta en la referencia UNESCO ISCED-F 2013 (International Standard Classification of Education [&hellip;]\" \/>\n<meta property=\"og:url\" content=\"https:\/\/galaxia.steam.eus\/es\/acerca-de\/\" \/>\n<meta property=\"og:site_name\" content=\"ztim\" \/>\n<meta property=\"article:modified_time\" content=\"2026-03-03T12:14:50+00:00\" \/>\n<meta property=\"og:image\" content=\"https:\/\/galaxia.steam.eus\/wp-content\/uploads\/2025\/03\/BT-1.png\" \/>\n\t<meta property=\"og:image:width\" content=\"329\" \/>\n\t<meta property=\"og:image:height\" content=\"245\" \/>\n\t<meta property=\"og:image:type\" content=\"image\/png\" \/>\n<meta name=\"twitter:card\" content=\"summary_large_image\" \/>\n<meta name=\"twitter:label1\" content=\"Tiempo de lectura\" \/>\n\t<meta name=\"twitter:data1\" content=\"3 minutos\" \/>\n<script type=\"application\/ld+json\" class=\"yoast-schema-graph\">{\"@context\":\"https:\\\/\\\/schema.org\",\"@graph\":[{\"@type\":\"WebPage\",\"@id\":\"https:\\\/\\\/galaxia.steam.eus\\\/es\\\/acerca-de\\\/\",\"url\":\"https:\\\/\\\/galaxia.steam.eus\\\/es\\\/acerca-de\\\/\",\"name\":\"Acerca de - ztim\",\"isPartOf\":{\"@id\":\"https:\\\/\\\/galaxia.steam.eus\\\/es\\\/#website\"},\"primaryImageOfPage\":{\"@id\":\"https:\\\/\\\/galaxia.steam.eus\\\/es\\\/acerca-de\\\/#primaryimage\"},\"image\":{\"@id\":\"https:\\\/\\\/galaxia.steam.eus\\\/es\\\/acerca-de\\\/#primaryimage\"},\"thumbnailUrl\":\"https:\\\/\\\/galaxia.steam.eus\\\/wp-content\\\/uploads\\\/2025\\\/03\\\/BT-1.png\",\"datePublished\":\"2025-03-04T08:41:49+00:00\",\"dateModified\":\"2026-03-03T12:14:50+00:00\",\"breadcrumb\":{\"@id\":\"https:\\\/\\\/galaxia.steam.eus\\\/es\\\/acerca-de\\\/#breadcrumb\"},\"inLanguage\":\"es\",\"potentialAction\":[{\"@type\":\"ReadAction\",\"target\":[\"https:\\\/\\\/galaxia.steam.eus\\\/es\\\/acerca-de\\\/\"]}]},{\"@type\":\"ImageObject\",\"inLanguage\":\"es\",\"@id\":\"https:\\\/\\\/galaxia.steam.eus\\\/es\\\/acerca-de\\\/#primaryimage\",\"url\":\"https:\\\/\\\/galaxia.steam.eus\\\/wp-content\\\/uploads\\\/2025\\\/03\\\/BT-1.png\",\"contentUrl\":\"https:\\\/\\\/galaxia.steam.eus\\\/wp-content\\\/uploads\\\/2025\\\/03\\\/BT-1.png\"},{\"@type\":\"BreadcrumbList\",\"@id\":\"https:\\\/\\\/galaxia.steam.eus\\\/es\\\/acerca-de\\\/#breadcrumb\",\"itemListElement\":[{\"@type\":\"ListItem\",\"position\":1,\"name\":\"Home\",\"item\":\"https:\\\/\\\/galaxia.steam.eus\\\/es\\\/\"},{\"@type\":\"ListItem\",\"position\":2,\"name\":\"Acerca de\"}]},{\"@type\":\"WebSite\",\"@id\":\"https:\\\/\\\/galaxia.steam.eus\\\/es\\\/#website\",\"url\":\"https:\\\/\\\/galaxia.steam.eus\\\/es\\\/\",\"name\":\"ztim\",\"description\":\"\",\"potentialAction\":[{\"@type\":\"SearchAction\",\"target\":{\"@type\":\"EntryPoint\",\"urlTemplate\":\"https:\\\/\\\/galaxia.steam.eus\\\/es\\\/?s={search_term_string}\"},\"query-input\":{\"@type\":\"PropertyValueSpecification\",\"valueRequired\":true,\"valueName\":\"search_term_string\"}}],\"inLanguage\":\"es\"}]}<\/script>\n<!-- \/ Yoast SEO plugin. -->","yoast_head_json":{"title":"Acerca de - ztim","robots":{"index":"noindex","follow":"follow","max-snippet":"max-snippet:-1","max-image-preview":"max-image-preview:large","max-video-preview":"max-video-preview:-1"},"og_locale":"es_ES","og_type":"article","og_title":"Acerca de - ztim","og_description":"Acerca del proyecto Galaxia es una plataforma digital dise\u00f1ada dentro de un programa de orientaci\u00f3n profesional dirigido a j\u00f3venes de entre 14 y 17 a\u00f1os, con especial atenci\u00f3n a las \u00e1reas STEM (Ciencia, Tecnolog\u00eda, Ingenier\u00eda y Matem\u00e1tica). La estructura de la plataforma se fundamenta en la referencia UNESCO ISCED-F 2013 (International Standard Classification of Education [&hellip;]","og_url":"https:\/\/galaxia.steam.eus\/es\/acerca-de\/","og_site_name":"ztim","article_modified_time":"2026-03-03T12:14:50+00:00","og_image":[{"width":329,"height":245,"url":"https:\/\/galaxia.steam.eus\/wp-content\/uploads\/2025\/03\/BT-1.png","type":"image\/png"}],"twitter_card":"summary_large_image","twitter_misc":{"Tiempo de lectura":"3 minutos"},"schema":{"@context":"https:\/\/schema.org","@graph":[{"@type":"WebPage","@id":"https:\/\/galaxia.steam.eus\/es\/acerca-de\/","url":"https:\/\/galaxia.steam.eus\/es\/acerca-de\/","name":"Acerca de - ztim","isPartOf":{"@id":"https:\/\/galaxia.steam.eus\/es\/#website"},"primaryImageOfPage":{"@id":"https:\/\/galaxia.steam.eus\/es\/acerca-de\/#primaryimage"},"image":{"@id":"https:\/\/galaxia.steam.eus\/es\/acerca-de\/#primaryimage"},"thumbnailUrl":"https:\/\/galaxia.steam.eus\/wp-content\/uploads\/2025\/03\/BT-1.png","datePublished":"2025-03-04T08:41:49+00:00","dateModified":"2026-03-03T12:14:50+00:00","breadcrumb":{"@id":"https:\/\/galaxia.steam.eus\/es\/acerca-de\/#breadcrumb"},"inLanguage":"es","potentialAction":[{"@type":"ReadAction","target":["https:\/\/galaxia.steam.eus\/es\/acerca-de\/"]}]},{"@type":"ImageObject","inLanguage":"es","@id":"https:\/\/galaxia.steam.eus\/es\/acerca-de\/#primaryimage","url":"https:\/\/galaxia.steam.eus\/wp-content\/uploads\/2025\/03\/BT-1.png","contentUrl":"https:\/\/galaxia.steam.eus\/wp-content\/uploads\/2025\/03\/BT-1.png"},{"@type":"BreadcrumbList","@id":"https:\/\/galaxia.steam.eus\/es\/acerca-de\/#breadcrumb","itemListElement":[{"@type":"ListItem","position":1,"name":"Home","item":"https:\/\/galaxia.steam.eus\/es\/"},{"@type":"ListItem","position":2,"name":"Acerca de"}]},{"@type":"WebSite","@id":"https:\/\/galaxia.steam.eus\/es\/#website","url":"https:\/\/galaxia.steam.eus\/es\/","name":"ztim","description":"","potentialAction":[{"@type":"SearchAction","target":{"@type":"EntryPoint","urlTemplate":"https:\/\/galaxia.steam.eus\/es\/?s={search_term_string}"},"query-input":{"@type":"PropertyValueSpecification","valueRequired":true,"valueName":"search_term_string"}}],"inLanguage":"es"}]}},"_links":{"self":[{"href":"https:\/\/galaxia.steam.eus\/es\/wp-json\/wp\/v2\/pages\/5734","targetHints":{"allow":["GET"]}}],"collection":[{"href":"https:\/\/galaxia.steam.eus\/es\/wp-json\/wp\/v2\/pages"}],"about":[{"href":"https:\/\/galaxia.steam.eus\/es\/wp-json\/wp\/v2\/types\/page"}],"author":[{"embeddable":true,"href":"https:\/\/galaxia.steam.eus\/es\/wp-json\/wp\/v2\/users\/3"}],"replies":[{"embeddable":true,"href":"https:\/\/galaxia.steam.eus\/es\/wp-json\/wp\/v2\/comments?post=5734"}],"version-history":[{"count":36,"href":"https:\/\/galaxia.steam.eus\/es\/wp-json\/wp\/v2\/pages\/5734\/revisions"}],"predecessor-version":[{"id":8642,"href":"https:\/\/galaxia.steam.eus\/es\/wp-json\/wp\/v2\/pages\/5734\/revisions\/8642"}],"wp:attachment":[{"href":"https:\/\/galaxia.steam.eus\/es\/wp-json\/wp\/v2\/media?parent=5734"}],"curies":[{"name":"wp","href":"https:\/\/api.w.org\/{rel}","templated":true}]}}