{"id":5181,"date":"2025-02-18T12:10:43","date_gmt":"2025-02-18T11:10:43","guid":{"rendered":"https:\/\/galaxia.steam.eus\/?page_id=5181"},"modified":"2026-03-04T14:15:31","modified_gmt":"2026-03-04T13:15:31","slug":"energia","status":"publish","type":"page","link":"https:\/\/galaxia.steam.eus\/es\/energia\/","title":{"rendered":"Energ\u00eda"},"content":{"rendered":"\t\t<div data-elementor-type=\"wp-page\" data-elementor-id=\"5181\" class=\"elementor elementor-5181\" data-elementor-post-type=\"page\">\n\t\t\t\t<div class=\"elementor-element elementor-element-5cef346 e-con-full e-flex e-con e-parent\" data-id=\"5cef346\" data-element_type=\"container\" data-e-type=\"container\">\n\t\t<div class=\"elementor-element elementor-element-a1fb180 e-con-full e-flex e-con e-child\" data-id=\"a1fb180\" data-element_type=\"container\" data-e-type=\"container\" data-settings=\"{&quot;background_background&quot;:&quot;classic&quot;}\">\n\t\t\t\t<div class=\"elementor-element elementor-element-3eb3a0a elementor-widget elementor-widget-icon-box\" data-id=\"3eb3a0a\" data-element_type=\"widget\" data-e-type=\"widget\" data-widget_type=\"icon-box.default\">\n\t\t\t\t<div class=\"elementor-widget-container\">\n\t\t\t\t\t\t\t<div class=\"elementor-icon-box-wrapper\">\n\n\t\t\t\n\t\t\t\t\t\t<div class=\"elementor-icon-box-content\">\n\n\t\t\t\t\t\t\t\t\t<h3 class=\"elementor-icon-box-title\">\n\t\t\t\t\t\t<span  >\n\t\t\t\t\t\t\tEnerg\u00eda\t\t\t\t\t\t<\/span>\n\t\t\t\t\t<\/h3>\n\t\t\t\t\n\t\t\t\t\t\t\t\t\t<p class=\"elementor-icon-box-description\">\n\t\t\t\t\t\tEl planeta de la energ\u00eda es amplio y diverso: abarca la generaci\u00f3n, distribuci\u00f3n y consumo energ\u00e9tico, y est\u00e1 vinculado a la sostenibilidad, la eficiencia energ\u00e9tica, el cambio clim\u00e1tico y otras cuestiones similares. Te animamos a explorar los continentes de este planeta. Encontrar\u00e1s m\u00faltiples salidas profesionales: ingenier\u00edas especializadas en dise\u00f1o y mantenimiento de infraestructuras energ\u00e9ticas, as\u00ed como especialidades en gesti\u00f3n de proyectos, planificaci\u00f3n energ\u00e9tica o consultor\u00eda medioambiental.\t\t\t\t\t<\/p>\n\t\t\t\t\n\t\t\t<\/div>\n\t\t\t\n\t\t<\/div>\n\t\t\t\t\t\t<\/div>\n\t\t\t\t<\/div>\n\t\t\t\t<\/div>\n\t\t<div class=\"elementor-element elementor-element-e7c9e83 e-con-full e-flex e-con e-child\" data-id=\"e7c9e83\" data-element_type=\"container\" data-e-type=\"container\">\n\t\t\t\t<div class=\"elementor-element elementor-element-02459a0 elementor-widget elementor-widget-hotspot\" data-id=\"02459a0\" data-element_type=\"widget\" data-e-type=\"widget\" data-settings=\"{&quot;hotspot&quot;:[{&quot;hotspot_tooltip_content&quot;:&quot;&lt;p&gt;Combustibles renovables&lt;\\\/p&gt;&quot;,&quot;hotspot_offset_x&quot;:{&quot;unit&quot;:&quot;%&quot;,&quot;size&quot;:46,&quot;sizes&quot;:[]},&quot;hotspot_offset_y&quot;:{&quot;unit&quot;:&quot;%&quot;,&quot;size&quot;:51,&quot;sizes&quot;:[]},&quot;_id&quot;:&quot;807bb29&quot;,&quot;hotspot_link&quot;:{&quot;url&quot;:&quot;https:\\\/\\\/galaxia.steam.eus\\\/es\\\/energia\\\/combustibles-renovables\\\/&quot;,&quot;is_external&quot;:&quot;&quot;,&quot;nofollow&quot;:&quot;&quot;,&quot;custom_attributes&quot;:&quot;&quot;},&quot;__dynamic__&quot;:null,&quot;hotspot_label&quot;:&quot;&quot;,&quot;hotspot_icon&quot;:{&quot;value&quot;:&quot;&quot;,&quot;library&quot;:&quot;&quot;},&quot;hotspot_custom_size&quot;:&quot;no&quot;,&quot;hotspot_horizontal&quot;:&quot;left&quot;,&quot;hotspot_vertical&quot;:&quot;top&quot;,&quot;hotspot_tooltip_position&quot;:&quot;no&quot;,&quot;hotspot_position&quot;:null},{&quot;hotspot_tooltip_content&quot;:&quot;&lt;p&gt;Descarbonizaci\\u00f3n&lt;\\\/p&gt;&quot;,&quot;hotspot_offset_x&quot;:{&quot;unit&quot;:&quot;%&quot;,&quot;size&quot;:76,&quot;sizes&quot;:[]},&quot;hotspot_offset_y&quot;:{&quot;unit&quot;:&quot;%&quot;,&quot;size&quot;:27,&quot;sizes&quot;:[]},&quot;_id&quot;:&quot;743f8ea&quot;,&quot;hotspot_link&quot;:{&quot;url&quot;:&quot;https:\\\/\\\/galaxia.steam.eus\\\/es\\\/energia\\\/descarbonizacion\\\/&quot;,&quot;is_external&quot;:&quot;&quot;,&quot;nofollow&quot;:&quot;&quot;,&quot;custom_attributes&quot;:&quot;&quot;},&quot;__dynamic__&quot;:null,&quot;hotspot_label&quot;:&quot;&quot;,&quot;hotspot_icon&quot;:{&quot;value&quot;:&quot;&quot;,&quot;library&quot;:&quot;&quot;},&quot;hotspot_custom_size&quot;:&quot;no&quot;,&quot;hotspot_horizontal&quot;:&quot;left&quot;,&quot;hotspot_vertical&quot;:&quot;top&quot;,&quot;hotspot_tooltip_position&quot;:&quot;no&quot;,&quot;hotspot_position&quot;:null},{&quot;hotspot_tooltip_content&quot;:&quot;&lt;p&gt;Energ\\u00eda solar&lt;\\\/p&gt;&quot;,&quot;hotspot_offset_x&quot;:{&quot;unit&quot;:&quot;%&quot;,&quot;size&quot;:17,&quot;sizes&quot;:[]},&quot;hotspot_offset_y&quot;:{&quot;unit&quot;:&quot;%&quot;,&quot;size&quot;:67,&quot;sizes&quot;:[]},&quot;_id&quot;:&quot;a71bbaa&quot;,&quot;hotspot_link&quot;:{&quot;url&quot;:&quot;https:\\\/\\\/galaxia.steam.eus\\\/es\\\/energia\\\/energia-solar\\\/&quot;,&quot;is_external&quot;:&quot;&quot;,&quot;nofollow&quot;:&quot;&quot;,&quot;custom_attributes&quot;:&quot;&quot;},&quot;__dynamic__&quot;:null,&quot;hotspot_label&quot;:&quot;&quot;,&quot;hotspot_icon&quot;:{&quot;value&quot;:&quot;&quot;,&quot;library&quot;:&quot;&quot;},&quot;hotspot_custom_size&quot;:&quot;no&quot;,&quot;hotspot_horizontal&quot;:&quot;left&quot;,&quot;hotspot_vertical&quot;:&quot;top&quot;,&quot;hotspot_tooltip_position&quot;:&quot;no&quot;,&quot;hotspot_position&quot;:null},{&quot;hotspot_tooltip_content&quot;:&quot;&lt;p&gt;Energ\\u00eda e\\u00f3lica&lt;\\\/p&gt;&quot;,&quot;hotspot_offset_x&quot;:{&quot;unit&quot;:&quot;%&quot;,&quot;size&quot;:42,&quot;sizes&quot;:[]},&quot;hotspot_offset_y&quot;:{&quot;unit&quot;:&quot;%&quot;,&quot;size&quot;:9,&quot;sizes&quot;:[]},&quot;_id&quot;:&quot;14dba98&quot;,&quot;hotspot_link&quot;:{&quot;url&quot;:&quot;https:\\\/\\\/galaxia.steam.eus\\\/es\\\/energia\\\/energia-eolica\\\/&quot;,&quot;is_external&quot;:&quot;&quot;,&quot;nofollow&quot;:&quot;&quot;,&quot;custom_attributes&quot;:&quot;&quot;},&quot;__dynamic__&quot;:null,&quot;hotspot_label&quot;:&quot;&quot;,&quot;hotspot_icon&quot;:{&quot;value&quot;:&quot;&quot;,&quot;library&quot;:&quot;&quot;},&quot;hotspot_custom_size&quot;:&quot;no&quot;,&quot;hotspot_horizontal&quot;:&quot;left&quot;,&quot;hotspot_vertical&quot;:&quot;top&quot;,&quot;hotspot_tooltip_position&quot;:&quot;no&quot;,&quot;hotspot_position&quot;:null}],&quot;tooltip_trigger&quot;:&quot;mouseenter&quot;,&quot;hotspot_sequenced_animation&quot;:&quot;no&quot;,&quot;tooltip_position&quot;:&quot;top&quot;,&quot;tooltip_animation&quot;:&quot;e-hotspot--fade-in-out&quot;}\" data-widget_type=\"hotspot.default\">\n\t\t\t\t<div class=\"elementor-widget-container\">\n\t\t\t\t\t<img fetchpriority=\"high\" decoding=\"async\" width=\"1920\" height=\"1080\" src=\"https:\/\/galaxia.steam.eus\/wp-content\/uploads\/2024\/10\/planeta_energia_00_mapa_energia.jpg\" class=\"attachment-full size-full wp-image-1939\" alt=\"\" srcset=\"https:\/\/galaxia.steam.eus\/wp-content\/uploads\/2024\/10\/planeta_energia_00_mapa_energia.jpg 1920w, https:\/\/galaxia.steam.eus\/wp-content\/uploads\/2024\/10\/planeta_energia_00_mapa_energia-300x169.jpg 300w, https:\/\/galaxia.steam.eus\/wp-content\/uploads\/2024\/10\/planeta_energia_00_mapa_energia-1024x576.jpg 1024w, https:\/\/galaxia.steam.eus\/wp-content\/uploads\/2024\/10\/planeta_energia_00_mapa_energia-768x432.jpg 768w, https:\/\/galaxia.steam.eus\/wp-content\/uploads\/2024\/10\/planeta_energia_00_mapa_energia-1536x864.jpg 1536w\" sizes=\"(max-width: 1920px) 100vw, 1920px\" \/>\n\t\t\t\t\t\t<a class=\"e-hotspot elementor-repeater-item-807bb29  e-hotspot--position-left e-hotspot--position-top e-hotspot--link  e-hotspot--circle\" href=\"https:\/\/galaxia.steam.eus\/es\/energia\/combustibles-renovables\/\">\n\n\t\t\t\t\t\t\t\t<div class=\"e-hotspot__button e-hotspot--expand\">\n\t\t\t\t\t\t\t\t\t\t\t<div class=\"e-hotspot__outer-circle\"><\/div>\n\t\t\t\t\t\t<div class=\"e-hotspot__inner-circle\"><\/div>\n\t\t\t\t\t\t\t\t\t<\/div>\n\n\t\t\t\t\t\t\t\t\t\t\t\t\t\t\t\t\t\t<div class=\"e-hotspot__tooltip  e-hotspot--tooltip-position e-hotspot--fade-in-out \" >\n\t\t\t\t\t\t<p>Combustibles renovables<\/p>\t\t\t\t\t<\/div>\n\t\t\t\t\t\t\t\t\t\n\t\t\t<\/a>\n\n\t\n\t\t\t\t\t\t<a class=\"e-hotspot elementor-repeater-item-743f8ea  e-hotspot--position-left e-hotspot--position-top e-hotspot--link  e-hotspot--circle\" href=\"https:\/\/galaxia.steam.eus\/es\/energia\/descarbonizacion\/\">\n\n\t\t\t\t\t\t\t\t<div class=\"e-hotspot__button e-hotspot--expand\">\n\t\t\t\t\t\t\t\t\t\t\t<div class=\"e-hotspot__outer-circle\"><\/div>\n\t\t\t\t\t\t<div class=\"e-hotspot__inner-circle\"><\/div>\n\t\t\t\t\t\t\t\t\t<\/div>\n\n\t\t\t\t\t\t\t\t\t\t\t\t\t\t\t\t\t\t<div class=\"e-hotspot__tooltip  e-hotspot--tooltip-position e-hotspot--fade-in-out \" >\n\t\t\t\t\t\t<p>Descarbonizaci\u00f3n<\/p>\t\t\t\t\t<\/div>\n\t\t\t\t\t\t\t\t\t\n\t\t\t<\/a>\n\n\t\n\t\t\t\t\t\t<a class=\"e-hotspot elementor-repeater-item-a71bbaa  e-hotspot--position-left e-hotspot--position-top e-hotspot--link  e-hotspot--circle\" href=\"https:\/\/galaxia.steam.eus\/es\/energia\/energia-solar\/\">\n\n\t\t\t\t\t\t\t\t<div class=\"e-hotspot__button e-hotspot--expand\">\n\t\t\t\t\t\t\t\t\t\t\t<div class=\"e-hotspot__outer-circle\"><\/div>\n\t\t\t\t\t\t<div class=\"e-hotspot__inner-circle\"><\/div>\n\t\t\t\t\t\t\t\t\t<\/div>\n\n\t\t\t\t\t\t\t\t\t\t\t\t\t\t\t\t\t\t<div class=\"e-hotspot__tooltip  e-hotspot--tooltip-position e-hotspot--fade-in-out \" >\n\t\t\t\t\t\t<p>Energ\u00eda solar<\/p>\t\t\t\t\t<\/div>\n\t\t\t\t\t\t\t\t\t\n\t\t\t<\/a>\n\n\t\n\t\t\t\t\t\t<a class=\"e-hotspot elementor-repeater-item-14dba98  e-hotspot--position-left e-hotspot--position-top e-hotspot--link  e-hotspot--circle\" href=\"https:\/\/galaxia.steam.eus\/es\/energia\/energia-eolica\/\">\n\n\t\t\t\t\t\t\t\t<div class=\"e-hotspot__button e-hotspot--expand\">\n\t\t\t\t\t\t\t\t\t\t\t<div class=\"e-hotspot__outer-circle\"><\/div>\n\t\t\t\t\t\t<div class=\"e-hotspot__inner-circle\"><\/div>\n\t\t\t\t\t\t\t\t\t<\/div>\n\n\t\t\t\t\t\t\t\t\t\t\t\t\t\t\t\t\t\t<div class=\"e-hotspot__tooltip  e-hotspot--tooltip-position e-hotspot--fade-in-out \" >\n\t\t\t\t\t\t<p>Energ\u00eda e\u00f3lica<\/p>\t\t\t\t\t<\/div>\n\t\t\t\t\t\t\t\t\t\n\t\t\t<\/a>\n\n\t\n\t\t\t\t\t\t<\/div>\n\t\t\t\t<\/div>\n\t\t\t\t<\/div>\n\t\t\t\t<\/div>\n\t\t\t\t<\/div>\n\t\t","protected":false},"excerpt":{"rendered":"<p>Energ\u00eda El planeta de la energ\u00eda es amplio y diverso: abarca la generaci\u00f3n, distribuci\u00f3n y consumo energ\u00e9tico, y est\u00e1 vinculado a la sostenibilidad, la eficiencia energ\u00e9tica, el cambio clim\u00e1tico y otras cuestiones similares. Te animamos a explorar los continentes de este planeta. Encontrar\u00e1s m\u00faltiples salidas profesionales: ingenier\u00edas especializadas en dise\u00f1o y mantenimiento de infraestructuras energ\u00e9ticas, [&hellip;]<\/p>\n","protected":false},"author":3,"featured_media":0,"parent":0,"menu_order":0,"comment_status":"closed","ping_status":"closed","template":"elementor_header_footer","meta":{"footnotes":""},"class_list":["post-5181","page","type-page","status-publish","hentry"],"yoast_head":"<!-- This site is optimized with the Yoast SEO plugin v27.4 - https:\/\/yoast.com\/product\/yoast-seo-wordpress\/ -->\n<title>Energ\u00eda - ztim<\/title>\n<meta name=\"robots\" content=\"noindex, follow, max-snippet:-1, max-image-preview:large, max-video-preview:-1\" \/>\n<meta property=\"og:locale\" content=\"es_ES\" \/>\n<meta property=\"og:type\" content=\"article\" \/>\n<meta property=\"og:title\" content=\"Energ\u00eda - ztim\" \/>\n<meta property=\"og:description\" content=\"Energ\u00eda El planeta de la energ\u00eda es amplio y diverso: abarca la generaci\u00f3n, distribuci\u00f3n y consumo energ\u00e9tico, y est\u00e1 vinculado a la sostenibilidad, la eficiencia energ\u00e9tica, el cambio clim\u00e1tico y otras cuestiones similares. Te animamos a explorar los continentes de este planeta. Encontrar\u00e1s m\u00faltiples salidas profesionales: ingenier\u00edas especializadas en dise\u00f1o y mantenimiento de infraestructuras energ\u00e9ticas, [&hellip;]\" \/>\n<meta property=\"og:url\" content=\"https:\/\/galaxia.steam.eus\/es\/energia\/\" \/>\n<meta property=\"og:site_name\" content=\"ztim\" \/>\n<meta property=\"article:modified_time\" content=\"2026-03-04T13:15:31+00:00\" \/>\n<meta property=\"og:image\" content=\"https:\/\/galaxia.steam.eus\/wp-content\/uploads\/2024\/10\/planeta_energia_00_mapa_energia.jpg\" \/>\n\t<meta property=\"og:image:width\" content=\"1920\" \/>\n\t<meta property=\"og:image:height\" content=\"1080\" \/>\n\t<meta property=\"og:image:type\" content=\"image\/jpeg\" \/>\n<meta name=\"twitter:card\" content=\"summary_large_image\" \/>\n<meta name=\"twitter:label1\" content=\"Tiempo de lectura\" \/>\n\t<meta name=\"twitter:data1\" content=\"1 minuto\" \/>\n<script type=\"application\/ld+json\" class=\"yoast-schema-graph\">{\"@context\":\"https:\\\/\\\/schema.org\",\"@graph\":[{\"@type\":\"WebPage\",\"@id\":\"https:\\\/\\\/galaxia.steam.eus\\\/es\\\/energia\\\/\",\"url\":\"https:\\\/\\\/galaxia.steam.eus\\\/es\\\/energia\\\/\",\"name\":\"Energ\u00eda - ztim\",\"isPartOf\":{\"@id\":\"https:\\\/\\\/galaxia.steam.eus\\\/es\\\/#website\"},\"primaryImageOfPage\":{\"@id\":\"https:\\\/\\\/galaxia.steam.eus\\\/es\\\/energia\\\/#primaryimage\"},\"image\":{\"@id\":\"https:\\\/\\\/galaxia.steam.eus\\\/es\\\/energia\\\/#primaryimage\"},\"thumbnailUrl\":\"https:\\\/\\\/galaxia.steam.eus\\\/wp-content\\\/uploads\\\/2024\\\/10\\\/planeta_energia_00_mapa_energia.jpg\",\"datePublished\":\"2025-02-18T11:10:43+00:00\",\"dateModified\":\"2026-03-04T13:15:31+00:00\",\"breadcrumb\":{\"@id\":\"https:\\\/\\\/galaxia.steam.eus\\\/es\\\/energia\\\/#breadcrumb\"},\"inLanguage\":\"es\",\"potentialAction\":[{\"@type\":\"ReadAction\",\"target\":[\"https:\\\/\\\/galaxia.steam.eus\\\/es\\\/energia\\\/\"]}]},{\"@type\":\"ImageObject\",\"inLanguage\":\"es\",\"@id\":\"https:\\\/\\\/galaxia.steam.eus\\\/es\\\/energia\\\/#primaryimage\",\"url\":\"https:\\\/\\\/galaxia.steam.eus\\\/wp-content\\\/uploads\\\/2024\\\/10\\\/planeta_energia_00_mapa_energia.jpg\",\"contentUrl\":\"https:\\\/\\\/galaxia.steam.eus\\\/wp-content\\\/uploads\\\/2024\\\/10\\\/planeta_energia_00_mapa_energia.jpg\"},{\"@type\":\"BreadcrumbList\",\"@id\":\"https:\\\/\\\/galaxia.steam.eus\\\/es\\\/energia\\\/#breadcrumb\",\"itemListElement\":[{\"@type\":\"ListItem\",\"position\":1,\"name\":\"Home\",\"item\":\"https:\\\/\\\/galaxia.steam.eus\\\/es\\\/\"},{\"@type\":\"ListItem\",\"position\":2,\"name\":\"Energ\u00eda\"}]},{\"@type\":\"WebSite\",\"@id\":\"https:\\\/\\\/galaxia.steam.eus\\\/es\\\/#website\",\"url\":\"https:\\\/\\\/galaxia.steam.eus\\\/es\\\/\",\"name\":\"ztim\",\"description\":\"\",\"potentialAction\":[{\"@type\":\"SearchAction\",\"target\":{\"@type\":\"EntryPoint\",\"urlTemplate\":\"https:\\\/\\\/galaxia.steam.eus\\\/es\\\/?s={search_term_string}\"},\"query-input\":{\"@type\":\"PropertyValueSpecification\",\"valueRequired\":true,\"valueName\":\"search_term_string\"}}],\"inLanguage\":\"es\"}]}<\/script>\n<!-- \/ Yoast SEO plugin. -->","yoast_head_json":{"title":"Energ\u00eda - ztim","robots":{"index":"noindex","follow":"follow","max-snippet":"max-snippet:-1","max-image-preview":"max-image-preview:large","max-video-preview":"max-video-preview:-1"},"og_locale":"es_ES","og_type":"article","og_title":"Energ\u00eda - ztim","og_description":"Energ\u00eda El planeta de la energ\u00eda es amplio y diverso: abarca la generaci\u00f3n, distribuci\u00f3n y consumo energ\u00e9tico, y est\u00e1 vinculado a la sostenibilidad, la eficiencia energ\u00e9tica, el cambio clim\u00e1tico y otras cuestiones similares. Te animamos a explorar los continentes de este planeta. Encontrar\u00e1s m\u00faltiples salidas profesionales: ingenier\u00edas especializadas en dise\u00f1o y mantenimiento de infraestructuras energ\u00e9ticas, [&hellip;]","og_url":"https:\/\/galaxia.steam.eus\/es\/energia\/","og_site_name":"ztim","article_modified_time":"2026-03-04T13:15:31+00:00","og_image":[{"width":1920,"height":1080,"url":"https:\/\/galaxia.steam.eus\/wp-content\/uploads\/2024\/10\/planeta_energia_00_mapa_energia.jpg","type":"image\/jpeg"}],"twitter_card":"summary_large_image","twitter_misc":{"Tiempo de lectura":"1 minuto"},"schema":{"@context":"https:\/\/schema.org","@graph":[{"@type":"WebPage","@id":"https:\/\/galaxia.steam.eus\/es\/energia\/","url":"https:\/\/galaxia.steam.eus\/es\/energia\/","name":"Energ\u00eda - ztim","isPartOf":{"@id":"https:\/\/galaxia.steam.eus\/es\/#website"},"primaryImageOfPage":{"@id":"https:\/\/galaxia.steam.eus\/es\/energia\/#primaryimage"},"image":{"@id":"https:\/\/galaxia.steam.eus\/es\/energia\/#primaryimage"},"thumbnailUrl":"https:\/\/galaxia.steam.eus\/wp-content\/uploads\/2024\/10\/planeta_energia_00_mapa_energia.jpg","datePublished":"2025-02-18T11:10:43+00:00","dateModified":"2026-03-04T13:15:31+00:00","breadcrumb":{"@id":"https:\/\/galaxia.steam.eus\/es\/energia\/#breadcrumb"},"inLanguage":"es","potentialAction":[{"@type":"ReadAction","target":["https:\/\/galaxia.steam.eus\/es\/energia\/"]}]},{"@type":"ImageObject","inLanguage":"es","@id":"https:\/\/galaxia.steam.eus\/es\/energia\/#primaryimage","url":"https:\/\/galaxia.steam.eus\/wp-content\/uploads\/2024\/10\/planeta_energia_00_mapa_energia.jpg","contentUrl":"https:\/\/galaxia.steam.eus\/wp-content\/uploads\/2024\/10\/planeta_energia_00_mapa_energia.jpg"},{"@type":"BreadcrumbList","@id":"https:\/\/galaxia.steam.eus\/es\/energia\/#breadcrumb","itemListElement":[{"@type":"ListItem","position":1,"name":"Home","item":"https:\/\/galaxia.steam.eus\/es\/"},{"@type":"ListItem","position":2,"name":"Energ\u00eda"}]},{"@type":"WebSite","@id":"https:\/\/galaxia.steam.eus\/es\/#website","url":"https:\/\/galaxia.steam.eus\/es\/","name":"ztim","description":"","potentialAction":[{"@type":"SearchAction","target":{"@type":"EntryPoint","urlTemplate":"https:\/\/galaxia.steam.eus\/es\/?s={search_term_string}"},"query-input":{"@type":"PropertyValueSpecification","valueRequired":true,"valueName":"search_term_string"}}],"inLanguage":"es"}]}},"_links":{"self":[{"href":"https:\/\/galaxia.steam.eus\/es\/wp-json\/wp\/v2\/pages\/5181","targetHints":{"allow":["GET"]}}],"collection":[{"href":"https:\/\/galaxia.steam.eus\/es\/wp-json\/wp\/v2\/pages"}],"about":[{"href":"https:\/\/galaxia.steam.eus\/es\/wp-json\/wp\/v2\/types\/page"}],"author":[{"embeddable":true,"href":"https:\/\/galaxia.steam.eus\/es\/wp-json\/wp\/v2\/users\/3"}],"replies":[{"embeddable":true,"href":"https:\/\/galaxia.steam.eus\/es\/wp-json\/wp\/v2\/comments?post=5181"}],"version-history":[{"count":48,"href":"https:\/\/galaxia.steam.eus\/es\/wp-json\/wp\/v2\/pages\/5181\/revisions"}],"predecessor-version":[{"id":8657,"href":"https:\/\/galaxia.steam.eus\/es\/wp-json\/wp\/v2\/pages\/5181\/revisions\/8657"}],"wp:attachment":[{"href":"https:\/\/galaxia.steam.eus\/es\/wp-json\/wp\/v2\/media?parent=5181"}],"curies":[{"name":"wp","href":"https:\/\/api.w.org\/{rel}","templated":true}]}}