{"id":5108,"date":"2025-02-18T09:14:06","date_gmt":"2025-02-18T08:14:06","guid":{"rendered":"https:\/\/galaxia.steam.eus\/?page_id=5108"},"modified":"2026-03-04T14:09:09","modified_gmt":"2026-03-04T13:09:09","slug":"ciencia","status":"publish","type":"page","link":"https:\/\/galaxia.steam.eus\/es\/ciencia\/","title":{"rendered":"Ciencia"},"content":{"rendered":"\t\t<div data-elementor-type=\"wp-page\" data-elementor-id=\"5108\" class=\"elementor elementor-5108\" data-elementor-post-type=\"page\">\n\t\t\t\t<div class=\"elementor-element elementor-element-5cef346 e-con-full e-flex e-con e-parent\" data-id=\"5cef346\" data-element_type=\"container\" data-e-type=\"container\">\n\t\t<div class=\"elementor-element elementor-element-a1fb180 e-con-full e-flex e-con e-child\" data-id=\"a1fb180\" data-element_type=\"container\" data-e-type=\"container\" data-settings=\"{&quot;background_background&quot;:&quot;classic&quot;}\">\n\t\t\t\t<div class=\"elementor-element elementor-element-3eb3a0a elementor-widget elementor-widget-icon-box\" data-id=\"3eb3a0a\" data-element_type=\"widget\" data-e-type=\"widget\" data-widget_type=\"icon-box.default\">\n\t\t\t\t<div class=\"elementor-widget-container\">\n\t\t\t\t\t\t\t<div class=\"elementor-icon-box-wrapper\">\n\n\t\t\t\n\t\t\t\t\t\t<div class=\"elementor-icon-box-content\">\n\n\t\t\t\t\t\t\t\t\t<h3 class=\"elementor-icon-box-title\">\n\t\t\t\t\t\t<span  >\n\t\t\t\t\t\t\tCiencia\t\t\t\t\t\t<\/span>\n\t\t\t\t\t<\/h3>\n\t\t\t\t\n\t\t\t\t\t\t\t\t\t<p class=\"elementor-icon-box-description\">\n\t\t\t\t\t\tEl planeta de las ciencias engloba el conjunto de disciplinas que estudian y comprenden de forma sistem\u00e1tica el mundo natural y sus fen\u00f3menos. Incluye, entre otras, las ciencias naturales (f\u00edsica, qu\u00edmica, biolog\u00eda, astronom\u00eda...). Te animamos a explorar los continentes de este planeta. Encontrar\u00e1s empleos diversos, desde la gesti\u00f3n de proyectos cient\u00edficos hasta el desarrollo de nuevas tecnolog\u00edas o aplicaciones para mejorar la vida.\t\t\t\t\t<\/p>\n\t\t\t\t\n\t\t\t<\/div>\n\t\t\t\n\t\t<\/div>\n\t\t\t\t\t\t<\/div>\n\t\t\t\t<\/div>\n\t\t\t\t<\/div>\n\t\t<div class=\"elementor-element elementor-element-e7c9e83 e-con-full e-flex e-con e-child\" data-id=\"e7c9e83\" data-element_type=\"container\" data-e-type=\"container\">\n\t\t\t\t<div class=\"elementor-element elementor-element-02459a0 elementor-widget elementor-widget-hotspot\" data-id=\"02459a0\" data-element_type=\"widget\" data-e-type=\"widget\" data-settings=\"{&quot;hotspot&quot;:[{&quot;hotspot_tooltip_content&quot;:&quot;&lt;p&gt;Ciencias de la vida&lt;\\\/p&gt;&quot;,&quot;hotspot_offset_x&quot;:{&quot;unit&quot;:&quot;%&quot;,&quot;size&quot;:57,&quot;sizes&quot;:[]},&quot;hotspot_offset_y&quot;:{&quot;unit&quot;:&quot;%&quot;,&quot;size&quot;:44,&quot;sizes&quot;:[]},&quot;_id&quot;:&quot;807bb29&quot;,&quot;hotspot_link&quot;:{&quot;url&quot;:&quot;https:\\\/\\\/galaxia.steam.eus\\\/es\\\/ciencia\\\/ciencia-de-la-vida\\\/&quot;,&quot;is_external&quot;:&quot;&quot;,&quot;nofollow&quot;:&quot;&quot;,&quot;custom_attributes&quot;:&quot;&quot;},&quot;__dynamic__&quot;:null,&quot;hotspot_label&quot;:&quot;&quot;,&quot;hotspot_icon&quot;:{&quot;value&quot;:&quot;&quot;,&quot;library&quot;:&quot;&quot;},&quot;hotspot_custom_size&quot;:&quot;no&quot;,&quot;hotspot_horizontal&quot;:&quot;left&quot;,&quot;hotspot_vertical&quot;:&quot;top&quot;,&quot;hotspot_tooltip_position&quot;:&quot;no&quot;,&quot;hotspot_position&quot;:null},{&quot;hotspot_tooltip_content&quot;:&quot;&lt;p&gt;Ciencias de la Tierra y el universo&lt;\\\/p&gt;&quot;,&quot;hotspot_offset_x&quot;:{&quot;unit&quot;:&quot;%&quot;,&quot;size&quot;:67,&quot;sizes&quot;:[]},&quot;hotspot_offset_y&quot;:{&quot;unit&quot;:&quot;%&quot;,&quot;size&quot;:12,&quot;sizes&quot;:[]},&quot;_id&quot;:&quot;743f8ea&quot;,&quot;hotspot_link&quot;:{&quot;url&quot;:&quot;https:\\\/\\\/galaxia.steam.eus\\\/es\\\/ciencia\\\/ciencias-del-universo\\\/&quot;,&quot;is_external&quot;:&quot;&quot;,&quot;nofollow&quot;:&quot;&quot;,&quot;custom_attributes&quot;:&quot;&quot;},&quot;__dynamic__&quot;:null,&quot;hotspot_label&quot;:&quot;&quot;,&quot;hotspot_icon&quot;:{&quot;value&quot;:&quot;&quot;,&quot;library&quot;:&quot;&quot;},&quot;hotspot_custom_size&quot;:&quot;no&quot;,&quot;hotspot_horizontal&quot;:&quot;left&quot;,&quot;hotspot_vertical&quot;:&quot;top&quot;,&quot;hotspot_tooltip_position&quot;:&quot;no&quot;,&quot;hotspot_position&quot;:null},{&quot;hotspot_tooltip_content&quot;:&quot;&lt;p&gt;Matem\\u00e1ticas&lt;\\\/p&gt;&quot;,&quot;hotspot_offset_x&quot;:{&quot;unit&quot;:&quot;%&quot;,&quot;size&quot;:24,&quot;sizes&quot;:[]},&quot;hotspot_offset_y&quot;:{&quot;unit&quot;:&quot;%&quot;,&quot;size&quot;:44,&quot;sizes&quot;:[]},&quot;_id&quot;:&quot;a71bbaa&quot;,&quot;hotspot_link&quot;:{&quot;url&quot;:&quot;https:\\\/\\\/galaxia.steam.eus\\\/es\\\/ciencia\\\/matematicas\\\/&quot;,&quot;is_external&quot;:&quot;&quot;,&quot;nofollow&quot;:&quot;&quot;,&quot;custom_attributes&quot;:&quot;&quot;},&quot;__dynamic__&quot;:null,&quot;hotspot_label&quot;:&quot;&quot;,&quot;hotspot_icon&quot;:{&quot;value&quot;:&quot;&quot;,&quot;library&quot;:&quot;&quot;},&quot;hotspot_custom_size&quot;:&quot;no&quot;,&quot;hotspot_horizontal&quot;:&quot;left&quot;,&quot;hotspot_vertical&quot;:&quot;top&quot;,&quot;hotspot_tooltip_position&quot;:&quot;no&quot;,&quot;hotspot_position&quot;:null},{&quot;hotspot_tooltip_content&quot;:&quot;&lt;p&gt;F\\u00edsica&lt;\\\/p&gt;&quot;,&quot;hotspot_offset_x&quot;:{&quot;unit&quot;:&quot;%&quot;,&quot;size&quot;:41,&quot;sizes&quot;:[]},&quot;hotspot_offset_y&quot;:{&quot;unit&quot;:&quot;%&quot;,&quot;size&quot;:78,&quot;sizes&quot;:[]},&quot;_id&quot;:&quot;14dba98&quot;,&quot;hotspot_link&quot;:{&quot;url&quot;:&quot;https:\\\/\\\/galaxia.steam.eus\\\/es\\\/ciencia\\\/fisica\\\/&quot;,&quot;is_external&quot;:&quot;&quot;,&quot;nofollow&quot;:&quot;&quot;,&quot;custom_attributes&quot;:&quot;&quot;},&quot;__dynamic__&quot;:null,&quot;hotspot_label&quot;:&quot;&quot;,&quot;hotspot_icon&quot;:{&quot;value&quot;:&quot;&quot;,&quot;library&quot;:&quot;&quot;},&quot;hotspot_custom_size&quot;:&quot;no&quot;,&quot;hotspot_horizontal&quot;:&quot;left&quot;,&quot;hotspot_vertical&quot;:&quot;top&quot;,&quot;hotspot_tooltip_position&quot;:&quot;no&quot;,&quot;hotspot_position&quot;:null},{&quot;hotspot_tooltip_content&quot;:&quot;&lt;p&gt;Qu\\u00edmica&lt;\\\/p&gt;&quot;,&quot;hotspot_offset_x&quot;:{&quot;unit&quot;:&quot;%&quot;,&quot;size&quot;:88,&quot;sizes&quot;:[]},&quot;hotspot_offset_y&quot;:{&quot;unit&quot;:&quot;%&quot;,&quot;size&quot;:68,&quot;sizes&quot;:[]},&quot;hotspot_link&quot;:{&quot;url&quot;:&quot;https:\\\/\\\/galaxia.steam.eus\\\/es\\\/ciencia\\\/quimica\\\/&quot;,&quot;is_external&quot;:&quot;&quot;,&quot;nofollow&quot;:&quot;&quot;,&quot;custom_attributes&quot;:&quot;&quot;},&quot;_id&quot;:&quot;fc79f1d&quot;,&quot;__dynamic__&quot;:null,&quot;hotspot_label&quot;:&quot;&quot;,&quot;hotspot_icon&quot;:{&quot;value&quot;:&quot;&quot;,&quot;library&quot;:&quot;&quot;},&quot;hotspot_custom_size&quot;:&quot;no&quot;,&quot;hotspot_horizontal&quot;:&quot;left&quot;,&quot;hotspot_vertical&quot;:&quot;top&quot;,&quot;hotspot_tooltip_position&quot;:&quot;no&quot;,&quot;hotspot_position&quot;:null}],&quot;tooltip_trigger&quot;:&quot;mouseenter&quot;,&quot;tooltip_position&quot;:&quot;top&quot;,&quot;tooltip_animation&quot;:&quot;e-hotspot--fade-in-out&quot;}\" data-widget_type=\"hotspot.default\">\n\t\t\t\t<div class=\"elementor-widget-container\">\n\t\t\t\t\t<img fetchpriority=\"high\" decoding=\"async\" width=\"1920\" height=\"1080\" src=\"https:\/\/galaxia.steam.eus\/wp-content\/uploads\/2024\/10\/planeta_ciencia_00_continente.jpg\" class=\"attachment-full size-full wp-image-1906\" alt=\"\" srcset=\"https:\/\/galaxia.steam.eus\/wp-content\/uploads\/2024\/10\/planeta_ciencia_00_continente.jpg 1920w, https:\/\/galaxia.steam.eus\/wp-content\/uploads\/2024\/10\/planeta_ciencia_00_continente-300x169.jpg 300w, https:\/\/galaxia.steam.eus\/wp-content\/uploads\/2024\/10\/planeta_ciencia_00_continente-1024x576.jpg 1024w, https:\/\/galaxia.steam.eus\/wp-content\/uploads\/2024\/10\/planeta_ciencia_00_continente-768x432.jpg 768w, https:\/\/galaxia.steam.eus\/wp-content\/uploads\/2024\/10\/planeta_ciencia_00_continente-1536x864.jpg 1536w\" sizes=\"(max-width: 1920px) 100vw, 1920px\" \/>\n\t\t\t\t\t\t<a class=\"e-hotspot elementor-repeater-item-807bb29  e-hotspot--position-left e-hotspot--position-top e-hotspot--link  e-hotspot--circle\" href=\"https:\/\/galaxia.steam.eus\/es\/ciencia\/ciencia-de-la-vida\/\">\n\n\t\t\t\t\t\t\t\t<div class=\"e-hotspot__button e-hotspot--expand\">\n\t\t\t\t\t\t\t\t\t\t\t<div class=\"e-hotspot__outer-circle\"><\/div>\n\t\t\t\t\t\t<div class=\"e-hotspot__inner-circle\"><\/div>\n\t\t\t\t\t\t\t\t\t<\/div>\n\n\t\t\t\t\t\t\t\t\t\t\t\t\t\t\t\t\t\t<div class=\"e-hotspot__tooltip  e-hotspot--tooltip-position e-hotspot--fade-in-out \" >\n\t\t\t\t\t\t<p>Ciencias de la vida<\/p>\t\t\t\t\t<\/div>\n\t\t\t\t\t\t\t\t\t\n\t\t\t<\/a>\n\n\t\n\t\t\t\t\t\t<a class=\"e-hotspot elementor-repeater-item-743f8ea  e-hotspot--position-left e-hotspot--position-top e-hotspot--link  e-hotspot--circle\" href=\"https:\/\/galaxia.steam.eus\/es\/ciencia\/ciencias-del-universo\/\">\n\n\t\t\t\t\t\t\t\t<div class=\"e-hotspot__button e-hotspot--expand\">\n\t\t\t\t\t\t\t\t\t\t\t<div class=\"e-hotspot__outer-circle\"><\/div>\n\t\t\t\t\t\t<div class=\"e-hotspot__inner-circle\"><\/div>\n\t\t\t\t\t\t\t\t\t<\/div>\n\n\t\t\t\t\t\t\t\t\t\t\t\t\t\t\t\t\t\t<div class=\"e-hotspot__tooltip  e-hotspot--tooltip-position e-hotspot--fade-in-out \" >\n\t\t\t\t\t\t<p>Ciencias de la Tierra y el universo<\/p>\t\t\t\t\t<\/div>\n\t\t\t\t\t\t\t\t\t\n\t\t\t<\/a>\n\n\t\n\t\t\t\t\t\t<a class=\"e-hotspot elementor-repeater-item-a71bbaa  e-hotspot--position-left e-hotspot--position-top e-hotspot--link  e-hotspot--circle\" href=\"https:\/\/galaxia.steam.eus\/es\/ciencia\/matematicas\/\">\n\n\t\t\t\t\t\t\t\t<div class=\"e-hotspot__button e-hotspot--expand\">\n\t\t\t\t\t\t\t\t\t\t\t<div class=\"e-hotspot__outer-circle\"><\/div>\n\t\t\t\t\t\t<div class=\"e-hotspot__inner-circle\"><\/div>\n\t\t\t\t\t\t\t\t\t<\/div>\n\n\t\t\t\t\t\t\t\t\t\t\t\t\t\t\t\t\t\t<div class=\"e-hotspot__tooltip  e-hotspot--tooltip-position e-hotspot--fade-in-out \" >\n\t\t\t\t\t\t<p>Matem\u00e1ticas<\/p>\t\t\t\t\t<\/div>\n\t\t\t\t\t\t\t\t\t\n\t\t\t<\/a>\n\n\t\n\t\t\t\t\t\t<a class=\"e-hotspot elementor-repeater-item-14dba98  e-hotspot--position-left e-hotspot--position-top e-hotspot--link  e-hotspot--circle\" href=\"https:\/\/galaxia.steam.eus\/es\/ciencia\/fisica\/\">\n\n\t\t\t\t\t\t\t\t<div class=\"e-hotspot__button e-hotspot--expand\">\n\t\t\t\t\t\t\t\t\t\t\t<div class=\"e-hotspot__outer-circle\"><\/div>\n\t\t\t\t\t\t<div class=\"e-hotspot__inner-circle\"><\/div>\n\t\t\t\t\t\t\t\t\t<\/div>\n\n\t\t\t\t\t\t\t\t\t\t\t\t\t\t\t\t\t\t<div class=\"e-hotspot__tooltip  e-hotspot--tooltip-position e-hotspot--fade-in-out \" >\n\t\t\t\t\t\t<p>F\u00edsica<\/p>\t\t\t\t\t<\/div>\n\t\t\t\t\t\t\t\t\t\n\t\t\t<\/a>\n\n\t\n\t\t\t\t\t\t<a class=\"e-hotspot elementor-repeater-item-fc79f1d  e-hotspot--position-left e-hotspot--position-top e-hotspot--link  e-hotspot--circle\" href=\"https:\/\/galaxia.steam.eus\/es\/ciencia\/quimica\/\">\n\n\t\t\t\t\t\t\t\t<div class=\"e-hotspot__button e-hotspot--expand\">\n\t\t\t\t\t\t\t\t\t\t\t<div class=\"e-hotspot__outer-circle\"><\/div>\n\t\t\t\t\t\t<div class=\"e-hotspot__inner-circle\"><\/div>\n\t\t\t\t\t\t\t\t\t<\/div>\n\n\t\t\t\t\t\t\t\t\t\t\t\t\t\t\t\t\t\t<div class=\"e-hotspot__tooltip  e-hotspot--tooltip-position e-hotspot--fade-in-out \" >\n\t\t\t\t\t\t<p>Qu\u00edmica<\/p>\t\t\t\t\t<\/div>\n\t\t\t\t\t\t\t\t\t\n\t\t\t<\/a>\n\n\t\n\t\t\t\t\t\t<\/div>\n\t\t\t\t<\/div>\n\t\t\t\t<\/div>\n\t\t\t\t<\/div>\n\t\t\t\t<\/div>\n\t\t","protected":false},"excerpt":{"rendered":"<p>Ciencia El planeta de las ciencias engloba el conjunto de disciplinas que estudian y comprenden de forma sistem\u00e1tica el mundo natural y sus fen\u00f3menos. Incluye, entre otras, las ciencias naturales (f\u00edsica, qu\u00edmica, biolog\u00eda, astronom\u00eda&#8230;). Te animamos a explorar los continentes de este planeta. Encontrar\u00e1s empleos diversos, desde la gesti\u00f3n de proyectos cient\u00edficos hasta el desarrollo [&hellip;]<\/p>\n","protected":false},"author":3,"featured_media":0,"parent":0,"menu_order":0,"comment_status":"closed","ping_status":"closed","template":"elementor_header_footer","meta":{"footnotes":""},"class_list":["post-5108","page","type-page","status-publish","hentry"],"yoast_head":"<!-- This site is optimized with the Yoast SEO plugin v27.4 - https:\/\/yoast.com\/product\/yoast-seo-wordpress\/ -->\n<title>Ciencia - ztim<\/title>\n<meta name=\"robots\" content=\"noindex, follow, max-snippet:-1, max-image-preview:large, max-video-preview:-1\" \/>\n<meta property=\"og:locale\" content=\"es_ES\" \/>\n<meta property=\"og:type\" content=\"article\" \/>\n<meta property=\"og:title\" content=\"Ciencia - ztim\" \/>\n<meta property=\"og:description\" content=\"Ciencia El planeta de las ciencias engloba el conjunto de disciplinas que estudian y comprenden de forma sistem\u00e1tica el mundo natural y sus fen\u00f3menos. Incluye, entre otras, las ciencias naturales (f\u00edsica, qu\u00edmica, biolog\u00eda, astronom\u00eda&#8230;). Te animamos a explorar los continentes de este planeta. Encontrar\u00e1s empleos diversos, desde la gesti\u00f3n de proyectos cient\u00edficos hasta el desarrollo [&hellip;]\" \/>\n<meta property=\"og:url\" content=\"https:\/\/galaxia.steam.eus\/es\/ciencia\/\" \/>\n<meta property=\"og:site_name\" content=\"ztim\" \/>\n<meta property=\"article:modified_time\" content=\"2026-03-04T13:09:09+00:00\" \/>\n<meta property=\"og:image\" content=\"https:\/\/galaxia.steam.eus\/wp-content\/uploads\/2024\/10\/planeta_ciencia_00_continente.jpg\" \/>\n\t<meta property=\"og:image:width\" content=\"1920\" \/>\n\t<meta property=\"og:image:height\" content=\"1080\" \/>\n\t<meta property=\"og:image:type\" content=\"image\/jpeg\" \/>\n<meta name=\"twitter:card\" content=\"summary_large_image\" \/>\n<meta name=\"twitter:label1\" content=\"Tiempo de lectura\" \/>\n\t<meta name=\"twitter:data1\" content=\"1 minuto\" \/>\n<script type=\"application\/ld+json\" class=\"yoast-schema-graph\">{\"@context\":\"https:\\\/\\\/schema.org\",\"@graph\":[{\"@type\":\"WebPage\",\"@id\":\"https:\\\/\\\/galaxia.steam.eus\\\/es\\\/ciencia\\\/\",\"url\":\"https:\\\/\\\/galaxia.steam.eus\\\/es\\\/ciencia\\\/\",\"name\":\"Ciencia - ztim\",\"isPartOf\":{\"@id\":\"https:\\\/\\\/galaxia.steam.eus\\\/es\\\/#website\"},\"primaryImageOfPage\":{\"@id\":\"https:\\\/\\\/galaxia.steam.eus\\\/es\\\/ciencia\\\/#primaryimage\"},\"image\":{\"@id\":\"https:\\\/\\\/galaxia.steam.eus\\\/es\\\/ciencia\\\/#primaryimage\"},\"thumbnailUrl\":\"https:\\\/\\\/galaxia.steam.eus\\\/wp-content\\\/uploads\\\/2024\\\/10\\\/planeta_ciencia_00_continente.jpg\",\"datePublished\":\"2025-02-18T08:14:06+00:00\",\"dateModified\":\"2026-03-04T13:09:09+00:00\",\"breadcrumb\":{\"@id\":\"https:\\\/\\\/galaxia.steam.eus\\\/es\\\/ciencia\\\/#breadcrumb\"},\"inLanguage\":\"es\",\"potentialAction\":[{\"@type\":\"ReadAction\",\"target\":[\"https:\\\/\\\/galaxia.steam.eus\\\/es\\\/ciencia\\\/\"]}]},{\"@type\":\"ImageObject\",\"inLanguage\":\"es\",\"@id\":\"https:\\\/\\\/galaxia.steam.eus\\\/es\\\/ciencia\\\/#primaryimage\",\"url\":\"https:\\\/\\\/galaxia.steam.eus\\\/wp-content\\\/uploads\\\/2024\\\/10\\\/planeta_ciencia_00_continente.jpg\",\"contentUrl\":\"https:\\\/\\\/galaxia.steam.eus\\\/wp-content\\\/uploads\\\/2024\\\/10\\\/planeta_ciencia_00_continente.jpg\"},{\"@type\":\"BreadcrumbList\",\"@id\":\"https:\\\/\\\/galaxia.steam.eus\\\/es\\\/ciencia\\\/#breadcrumb\",\"itemListElement\":[{\"@type\":\"ListItem\",\"position\":1,\"name\":\"Home\",\"item\":\"https:\\\/\\\/galaxia.steam.eus\\\/es\\\/\"},{\"@type\":\"ListItem\",\"position\":2,\"name\":\"Ciencia\"}]},{\"@type\":\"WebSite\",\"@id\":\"https:\\\/\\\/galaxia.steam.eus\\\/es\\\/#website\",\"url\":\"https:\\\/\\\/galaxia.steam.eus\\\/es\\\/\",\"name\":\"ztim\",\"description\":\"\",\"potentialAction\":[{\"@type\":\"SearchAction\",\"target\":{\"@type\":\"EntryPoint\",\"urlTemplate\":\"https:\\\/\\\/galaxia.steam.eus\\\/es\\\/?s={search_term_string}\"},\"query-input\":{\"@type\":\"PropertyValueSpecification\",\"valueRequired\":true,\"valueName\":\"search_term_string\"}}],\"inLanguage\":\"es\"}]}<\/script>\n<!-- \/ Yoast SEO plugin. -->","yoast_head_json":{"title":"Ciencia - ztim","robots":{"index":"noindex","follow":"follow","max-snippet":"max-snippet:-1","max-image-preview":"max-image-preview:large","max-video-preview":"max-video-preview:-1"},"og_locale":"es_ES","og_type":"article","og_title":"Ciencia - ztim","og_description":"Ciencia El planeta de las ciencias engloba el conjunto de disciplinas que estudian y comprenden de forma sistem\u00e1tica el mundo natural y sus fen\u00f3menos. Incluye, entre otras, las ciencias naturales (f\u00edsica, qu\u00edmica, biolog\u00eda, astronom\u00eda&#8230;). Te animamos a explorar los continentes de este planeta. Encontrar\u00e1s empleos diversos, desde la gesti\u00f3n de proyectos cient\u00edficos hasta el desarrollo [&hellip;]","og_url":"https:\/\/galaxia.steam.eus\/es\/ciencia\/","og_site_name":"ztim","article_modified_time":"2026-03-04T13:09:09+00:00","og_image":[{"width":1920,"height":1080,"url":"https:\/\/galaxia.steam.eus\/wp-content\/uploads\/2024\/10\/planeta_ciencia_00_continente.jpg","type":"image\/jpeg"}],"twitter_card":"summary_large_image","twitter_misc":{"Tiempo de lectura":"1 minuto"},"schema":{"@context":"https:\/\/schema.org","@graph":[{"@type":"WebPage","@id":"https:\/\/galaxia.steam.eus\/es\/ciencia\/","url":"https:\/\/galaxia.steam.eus\/es\/ciencia\/","name":"Ciencia - ztim","isPartOf":{"@id":"https:\/\/galaxia.steam.eus\/es\/#website"},"primaryImageOfPage":{"@id":"https:\/\/galaxia.steam.eus\/es\/ciencia\/#primaryimage"},"image":{"@id":"https:\/\/galaxia.steam.eus\/es\/ciencia\/#primaryimage"},"thumbnailUrl":"https:\/\/galaxia.steam.eus\/wp-content\/uploads\/2024\/10\/planeta_ciencia_00_continente.jpg","datePublished":"2025-02-18T08:14:06+00:00","dateModified":"2026-03-04T13:09:09+00:00","breadcrumb":{"@id":"https:\/\/galaxia.steam.eus\/es\/ciencia\/#breadcrumb"},"inLanguage":"es","potentialAction":[{"@type":"ReadAction","target":["https:\/\/galaxia.steam.eus\/es\/ciencia\/"]}]},{"@type":"ImageObject","inLanguage":"es","@id":"https:\/\/galaxia.steam.eus\/es\/ciencia\/#primaryimage","url":"https:\/\/galaxia.steam.eus\/wp-content\/uploads\/2024\/10\/planeta_ciencia_00_continente.jpg","contentUrl":"https:\/\/galaxia.steam.eus\/wp-content\/uploads\/2024\/10\/planeta_ciencia_00_continente.jpg"},{"@type":"BreadcrumbList","@id":"https:\/\/galaxia.steam.eus\/es\/ciencia\/#breadcrumb","itemListElement":[{"@type":"ListItem","position":1,"name":"Home","item":"https:\/\/galaxia.steam.eus\/es\/"},{"@type":"ListItem","position":2,"name":"Ciencia"}]},{"@type":"WebSite","@id":"https:\/\/galaxia.steam.eus\/es\/#website","url":"https:\/\/galaxia.steam.eus\/es\/","name":"ztim","description":"","potentialAction":[{"@type":"SearchAction","target":{"@type":"EntryPoint","urlTemplate":"https:\/\/galaxia.steam.eus\/es\/?s={search_term_string}"},"query-input":{"@type":"PropertyValueSpecification","valueRequired":true,"valueName":"search_term_string"}}],"inLanguage":"es"}]}},"_links":{"self":[{"href":"https:\/\/galaxia.steam.eus\/es\/wp-json\/wp\/v2\/pages\/5108","targetHints":{"allow":["GET"]}}],"collection":[{"href":"https:\/\/galaxia.steam.eus\/es\/wp-json\/wp\/v2\/pages"}],"about":[{"href":"https:\/\/galaxia.steam.eus\/es\/wp-json\/wp\/v2\/types\/page"}],"author":[{"embeddable":true,"href":"https:\/\/galaxia.steam.eus\/es\/wp-json\/wp\/v2\/users\/3"}],"replies":[{"embeddable":true,"href":"https:\/\/galaxia.steam.eus\/es\/wp-json\/wp\/v2\/comments?post=5108"}],"version-history":[{"count":72,"href":"https:\/\/galaxia.steam.eus\/es\/wp-json\/wp\/v2\/pages\/5108\/revisions"}],"predecessor-version":[{"id":8651,"href":"https:\/\/galaxia.steam.eus\/es\/wp-json\/wp\/v2\/pages\/5108\/revisions\/8651"}],"wp:attachment":[{"href":"https:\/\/galaxia.steam.eus\/es\/wp-json\/wp\/v2\/media?parent=5108"}],"curies":[{"name":"wp","href":"https:\/\/api.w.org\/{rel}","templated":true}]}}